{"id":5892,"date":"2024-09-06T17:03:29","date_gmt":"2024-09-06T15:03:29","guid":{"rendered":"https:\/\/www.uppdragpsykiskhalsa.se\/stockholmslan\/?page_id=5892"},"modified":"2024-10-09T14:10:40","modified_gmt":"2024-10-09T12:10:40","slug":"framjaskolnarvaro","status":"publish","type":"page","link":"https:\/\/www.uppdragpsykiskhalsa.se\/stockholmslan\/framjaskolnarvaro\/","title":{"rendered":"St\u00f6dmaterial f\u00f6r att fr\u00e4mja skoln\u00e4rvaro"},"content":{"rendered":"","protected":false},"excerpt":{"rendered":"","protected":false},"author":1,"featured_media":0,"parent":0,"menu_order":0,"comment_status":"closed","ping_status":"closed","template":"page-stodmaterial.php","meta":{"_acf_changed":false,"footnotes":""},"acf":[],"_links":{"self":[{"href":"https:\/\/www.uppdragpsykiskhalsa.se\/stockholmslan\/wp-json\/wp\/v2\/pages\/5892"}],"collection":[{"href":"https:\/\/www.uppdragpsykiskhalsa.se\/stockholmslan\/wp-json\/wp\/v2\/pages"}],"about":[{"href":"https:\/\/www.uppdragpsykiskhalsa.se\/stockholmslan\/wp-json\/wp\/v2\/types\/page"}],"author":[{"embeddable":true,"href":"https:\/\/www.uppdragpsykiskhalsa.se\/stockholmslan\/wp-json\/wp\/v2\/users\/1"}],"replies":[{"embeddable":true,"href":"https:\/\/www.uppdragpsykiskhalsa.se\/stockholmslan\/wp-json\/wp\/v2\/comments?post=5892"}],"version-history":[{"count":38,"href":"https:\/\/www.uppdragpsykiskhalsa.se\/stockholmslan\/wp-json\/wp\/v2\/pages\/5892\/revisions"}],"predecessor-version":[{"id":6892,"href":"https:\/\/www.uppdragpsykiskhalsa.se\/stockholmslan\/wp-json\/wp\/v2\/pages\/5892\/revisions\/6892"}],"wp:attachment":[{"href":"https:\/\/www.uppdragpsykiskhalsa.se\/stockholmslan\/wp-json\/wp\/v2\/media?parent=5892"}],"curies":[{"name":"wp","href":"https:\/\/api.w.org\/{rel}","templated":true}]}}