{"id":5611,"date":"2023-06-08T11:52:19","date_gmt":"2023-06-08T09:52:19","guid":{"rendered":"https:\/\/www.uppdragpsykiskhalsa.se\/stockholmslan\/?page_id=5611"},"modified":"2023-06-21T18:05:09","modified_gmt":"2023-06-21T16:05:09","slug":"uppfoljning-av-processtod-som-metod-for-att-framja-skolnarvaro","status":"publish","type":"page","link":"https:\/\/www.uppdragpsykiskhalsa.se\/stockholmslan\/barn-unga\/barn-i-skolaldern\/skolnarvaro\/resultat-och-exempel-fran-kommuner\/uppfoljning-av-processtod-som-metod-for-att-framja-skolnarvaro\/","title":{"rendered":"Uppf\u00f6ljning av processt\u00f6d som metod f\u00f6r att fr\u00e4mja skoln\u00e4rvaro"},"content":{"rendered":"","protected":false},"excerpt":{"rendered":"","protected":false},"author":5,"featured_media":0,"parent":5241,"menu_order":0,"comment_status":"closed","ping_status":"closed","template":"","meta":{"_acf_changed":false,"footnotes":""},"acf":[],"_links":{"self":[{"href":"https:\/\/www.uppdragpsykiskhalsa.se\/stockholmslan\/wp-json\/wp\/v2\/pages\/5611"}],"collection":[{"href":"https:\/\/www.uppdragpsykiskhalsa.se\/stockholmslan\/wp-json\/wp\/v2\/pages"}],"about":[{"href":"https:\/\/www.uppdragpsykiskhalsa.se\/stockholmslan\/wp-json\/wp\/v2\/types\/page"}],"author":[{"embeddable":true,"href":"https:\/\/www.uppdragpsykiskhalsa.se\/stockholmslan\/wp-json\/wp\/v2\/users\/5"}],"replies":[{"embeddable":true,"href":"https:\/\/www.uppdragpsykiskhalsa.se\/stockholmslan\/wp-json\/wp\/v2\/comments?post=5611"}],"version-history":[{"count":6,"href":"https:\/\/www.uppdragpsykiskhalsa.se\/stockholmslan\/wp-json\/wp\/v2\/pages\/5611\/revisions"}],"predecessor-version":[{"id":5625,"href":"https:\/\/www.uppdragpsykiskhalsa.se\/stockholmslan\/wp-json\/wp\/v2\/pages\/5611\/revisions\/5625"}],"up":[{"embeddable":true,"href":"https:\/\/www.uppdragpsykiskhalsa.se\/stockholmslan\/wp-json\/wp\/v2\/pages\/5241"}],"wp:attachment":[{"href":"https:\/\/www.uppdragpsykiskhalsa.se\/stockholmslan\/wp-json\/wp\/v2\/media?parent=5611"}],"curies":[{"name":"wp","href":"https:\/\/api.w.org\/{rel}","templated":true}]}}