{"id":5385,"date":"2023-04-25T11:41:05","date_gmt":"2023-04-25T09:41:05","guid":{"rendered":"https:\/\/www.uppdragpsykiskhalsa.se\/stockholmslan\/?page_id=5385"},"modified":"2024-05-07T09:55:33","modified_gmt":"2024-05-07T07:55:33","slug":"stodmaterial-for-forskolan","status":"publish","type":"page","link":"https:\/\/www.uppdragpsykiskhalsa.se\/stockholmslan\/stodmaterial-for-forskolan\/","title":{"rendered":"St\u00f6dmaterial f\u00f6r f\u00f6rskolan"},"content":{"rendered":"","protected":false},"excerpt":{"rendered":"","protected":false},"author":1,"featured_media":0,"parent":0,"menu_order":0,"comment_status":"closed","ping_status":"closed","template":"page-stodmaterial.php","meta":{"_acf_changed":false,"footnotes":""},"acf":[],"_links":{"self":[{"href":"https:\/\/www.uppdragpsykiskhalsa.se\/stockholmslan\/wp-json\/wp\/v2\/pages\/5385"}],"collection":[{"href":"https:\/\/www.uppdragpsykiskhalsa.se\/stockholmslan\/wp-json\/wp\/v2\/pages"}],"about":[{"href":"https:\/\/www.uppdragpsykiskhalsa.se\/stockholmslan\/wp-json\/wp\/v2\/types\/page"}],"author":[{"embeddable":true,"href":"https:\/\/www.uppdragpsykiskhalsa.se\/stockholmslan\/wp-json\/wp\/v2\/users\/1"}],"replies":[{"embeddable":true,"href":"https:\/\/www.uppdragpsykiskhalsa.se\/stockholmslan\/wp-json\/wp\/v2\/comments?post=5385"}],"version-history":[{"count":36,"href":"https:\/\/www.uppdragpsykiskhalsa.se\/stockholmslan\/wp-json\/wp\/v2\/pages\/5385\/revisions"}],"predecessor-version":[{"id":5874,"href":"https:\/\/www.uppdragpsykiskhalsa.se\/stockholmslan\/wp-json\/wp\/v2\/pages\/5385\/revisions\/5874"}],"wp:attachment":[{"href":"https:\/\/www.uppdragpsykiskhalsa.se\/stockholmslan\/wp-json\/wp\/v2\/media?parent=5385"}],"curies":[{"name":"wp","href":"https:\/\/api.w.org\/{rel}","templated":true}]}}