{"id":3876,"date":"2021-01-12T14:46:06","date_gmt":"2021-01-12T13:46:06","guid":{"rendered":"https:\/\/www.uppdragpsykiskhalsa.se\/stockholmslan\/?page_id=3876"},"modified":"2021-02-15T23:17:14","modified_gmt":"2021-02-15T22:17:14","slug":"forskningsoversikt-samverkan-och-samordnat-stod-vid-narvaroproblem-i-forskola-och-skola","status":"publish","type":"page","link":"https:\/\/www.uppdragpsykiskhalsa.se\/stockholmslan\/ny-forskningsoversikt-om-ungas-skolnarvaro\/framja-skolnarvaro-och-forebygga-skolfranvaro\/forskningsoversikt-samverkan-och-samordnat-stod-vid-narvaroproblem-i-forskola-och-skola\/","title":{"rendered":"Forsknings\u00f6versikt: Samverkan och samordnat st\u00f6d vid n\u00e4rvaroproblem i f\u00f6rskola och skola"},"content":{"rendered":"<p>&nbsp;<\/p>\n<p>&nbsp;<\/p>\n","protected":false},"excerpt":{"rendered":"<p>&nbsp; &nbsp;<\/p>\n","protected":false},"author":5,"featured_media":0,"parent":3335,"menu_order":3,"comment_status":"closed","ping_status":"closed","template":"","meta":{"_acf_changed":false,"footnotes":""},"acf":[],"_links":{"self":[{"href":"https:\/\/www.uppdragpsykiskhalsa.se\/stockholmslan\/wp-json\/wp\/v2\/pages\/3876"}],"collection":[{"href":"https:\/\/www.uppdragpsykiskhalsa.se\/stockholmslan\/wp-json\/wp\/v2\/pages"}],"about":[{"href":"https:\/\/www.uppdragpsykiskhalsa.se\/stockholmslan\/wp-json\/wp\/v2\/types\/page"}],"author":[{"embeddable":true,"href":"https:\/\/www.uppdragpsykiskhalsa.se\/stockholmslan\/wp-json\/wp\/v2\/users\/5"}],"replies":[{"embeddable":true,"href":"https:\/\/www.uppdragpsykiskhalsa.se\/stockholmslan\/wp-json\/wp\/v2\/comments?post=3876"}],"version-history":[{"count":7,"href":"https:\/\/www.uppdragpsykiskhalsa.se\/stockholmslan\/wp-json\/wp\/v2\/pages\/3876\/revisions"}],"predecessor-version":[{"id":3913,"href":"https:\/\/www.uppdragpsykiskhalsa.se\/stockholmslan\/wp-json\/wp\/v2\/pages\/3876\/revisions\/3913"}],"up":[{"embeddable":true,"href":"https:\/\/www.uppdragpsykiskhalsa.se\/stockholmslan\/wp-json\/wp\/v2\/pages\/3335"}],"wp:attachment":[{"href":"https:\/\/www.uppdragpsykiskhalsa.se\/stockholmslan\/wp-json\/wp\/v2\/media?parent=3876"}],"curies":[{"name":"wp","href":"https:\/\/api.w.org\/{rel}","templated":true}]}}