{"id":1685,"date":"2018-12-03T10:24:12","date_gmt":"2018-12-03T09:24:12","guid":{"rendered":"https:\/\/www.uppdragpsykiskhalsa.se\/stockholmslan\/?page_id=1685"},"modified":"2020-02-18T16:06:13","modified_gmt":"2020-02-18T15:06:13","slug":"studiecirkeln-med-fokus-pa-halsa-for-personer-med-psykisk-ohalsa","status":"publish","type":"page","link":"https:\/\/www.uppdragpsykiskhalsa.se\/stockholmslan\/studiecirkeln-med-fokus-pa-halsa-for-personer-med-psykisk-ohalsa\/","title":{"rendered":"Studiecirkeln med fokus p\u00e5 h\u00e4lsa f\u00f6r personer med psykisk oh\u00e4lsa"},"content":{"rendered":"","protected":false},"excerpt":{"rendered":"","protected":false},"author":5,"featured_media":0,"parent":0,"menu_order":0,"comment_status":"closed","ping_status":"closed","template":"","meta":{"_acf_changed":false,"footnotes":""},"acf":[],"_links":{"self":[{"href":"https:\/\/www.uppdragpsykiskhalsa.se\/stockholmslan\/wp-json\/wp\/v2\/pages\/1685"}],"collection":[{"href":"https:\/\/www.uppdragpsykiskhalsa.se\/stockholmslan\/wp-json\/wp\/v2\/pages"}],"about":[{"href":"https:\/\/www.uppdragpsykiskhalsa.se\/stockholmslan\/wp-json\/wp\/v2\/types\/page"}],"author":[{"embeddable":true,"href":"https:\/\/www.uppdragpsykiskhalsa.se\/stockholmslan\/wp-json\/wp\/v2\/users\/5"}],"replies":[{"embeddable":true,"href":"https:\/\/www.uppdragpsykiskhalsa.se\/stockholmslan\/wp-json\/wp\/v2\/comments?post=1685"}],"version-history":[{"count":9,"href":"https:\/\/www.uppdragpsykiskhalsa.se\/stockholmslan\/wp-json\/wp\/v2\/pages\/1685\/revisions"}],"predecessor-version":[{"id":3100,"href":"https:\/\/www.uppdragpsykiskhalsa.se\/stockholmslan\/wp-json\/wp\/v2\/pages\/1685\/revisions\/3100"}],"wp:attachment":[{"href":"https:\/\/www.uppdragpsykiskhalsa.se\/stockholmslan\/wp-json\/wp\/v2\/media?parent=1685"}],"curies":[{"name":"wp","href":"https:\/\/api.w.org\/{rel}","templated":true}]}}